{"id":1089,"date":"2020-03-20T01:12:58","date_gmt":"2020-03-20T05:12:58","guid":{"rendered":"https:\/\/hotelfrayjunipero.com\/?page_id=1089"},"modified":"2026-03-24T14:53:55","modified_gmt":"2026-03-24T18:53:55","slug":"prevencion","status":"publish","type":"page","link":"https:\/\/hotelesfray.com\/en\/prevencion\/","title":{"rendered":"Prevenci\u00f3n COVID-19"},"content":{"rendered":"\n[et_pb_section fb_built=\u00bb1&#8243; _builder_version=\u00bb4.9.4&#8243; background_image=\u00bbhttps:\/\/hotelfrayjunipero.com\/wp-content\/uploads\/2021\/07\/HeroPrev.jpg\u00bb locked=\u00bboff\u00bb global_colors_info=\u00bb{}\u00bb][et_pb_row _builder_version=\u00bb4.4.6&#8243; custom_padding=\u00bb120px||140px|||\u00bb global_colors_info=\u00bb{}\u00bb][et_pb_column type=\u00bb4_4&#8243; _builder_version=\u00bb4.4.6&#8243; global_colors_info=\u00bb{}\u00bb][et_pb_text _builder_version=\u00bb4.9.4&#8243; text_font=\u00bb|300|||||||\u00bb text_text_color=\u00bb#eba123&#8243; text_font_size=\u00bb30px\u00bb text_letter_spacing=\u00bb-1px\u00bb header_font=\u00bb|800|||||||\u00bb header_text_color=\u00bb#ffffff\u00bb header_font_size=\u00bb52px\u00bb header_line_height=\u00bb0.8em\u00bb text_text_shadow_style=\u00bbpreset1&#8243; header_text_shadow_style=\u00bbpreset1&#8243; global_colors_info=\u00bb{}\u00bb]<h1>Prevenci\u00f3n COVID-19<\/h1>\n<p>Pol\u00edticas para el bienestar del hu\u00e9sped<\/p>[\/et_pb_text][\/et_pb_column][\/et_pb_row][\/et_pb_section][et_pb_section fb_built=\u00bb1&#8243; _builder_version=\u00bb4.4.6&#8243; background_color=\u00bb#f9fbfc\u00bb background_image=\u00bbhttps:\/\/hotelfrayjunipero.com\/wp-content\/uploads\/2020\/02\/Pattern25.png\u00bb background_size=\u00bbinitial\u00bb background_repeat=\u00bbrepeat\u00bb custom_padding=\u00bb35px||35px|||\u00bb box_shadow_style=\u00bbpreset3&#8243; box_shadow_vertical=\u00bb-4px\u00bb box_shadow_blur=\u00bb24px\u00bb box_shadow_color=\u00bb#c2c8ce\u00bb box_shadow_position=\u00bbinner\u00bb locked=\u00bboff\u00bb global_colors_info=\u00bb{}\u00bb][et_pb_row _builder_version=\u00bb4.4.6&#8243; custom_padding=\u00bb1px||0px|||\u00bb global_colors_info=\u00bb{}\u00bb][et_pb_column type=\u00bb4_4&#8243; _builder_version=\u00bb4.4.6&#8243; global_colors_info=\u00bb{}\u00bb][et_pb_text _builder_version=\u00bb4.5.5&#8243; text_font=\u00bb|600|on||||||\u00bb text_text_color=\u00bb#586d7a\u00bb text_font_size=\u00bb18px\u00bb text_line_height=\u00bb1.6em\u00bb background_image=\u00bbhttps:\/\/hotelfrayjunipero.com\/wp-content\/uploads\/2020\/02\/Quotes100.png\u00bb background_size=\u00bbinitial\u00bb background_position=\u00bbtop_left\u00bb custom_padding=\u00bb13px||19px|||\u00bb global_colors_info=\u00bb{}\u00bb]<p>La salud y seguridad de nuestros clientes y colaboradores es lo m\u00e1s importante para nosotros por lo que implementamos las siguientes medidas sanitarias preventivas de operaci\u00f3n.<\/p>[\/et_pb_text][\/et_pb_column][\/et_pb_row][\/et_pb_section][et_pb_section fb_built=\u00bb1&#8243; _builder_version=\u00bb4.4.0&#8243; custom_padding=\u00bb||0px|||\u00bb global_colors_info=\u00bb{}\u00bb][et_pb_row column_structure=\u00bb1_3,1_3,1_3&#8243; _builder_version=\u00bb4.9.4&#8243; _module_preset=\u00bbdefault\u00bb global_colors_info=\u00bb{}\u00bb][et_pb_column type=\u00bb1_3&#8243; _builder_version=\u00bb4.9.4&#8243; _module_preset=\u00bbdefault\u00bb global_colors_info=\u00bb{}\u00bb][et_pb_image src=\u00bbhttps:\/\/hotelfrayjunipero.com\/wp-content\/uploads\/2021\/07\/PrevHotel.jpg\u00bb title_text=\u00bbPrevHotel\u00bb _builder_version=\u00bb4.9.4&#8243; _module_preset=\u00bbdefault\u00bb border_radii=\u00bbon|5px|5px|5px|5px\u00bb box_shadow_style=\u00bbpreset3&#8243; global_colors_info=\u00bb{}\u00bb][\/et_pb_image][et_pb_text _builder_version=\u00bb4.13.1&#8243; hover_enabled=\u00bb0&#8243; global_colors_info=\u00bb{}\u00bb sticky_enabled=\u00bb0&#8243;]<h2>Hotel y habitaciones<\/h2>\n<p>Desde tu llegada hasta tu salida, tu bienestar est\u00e1 garantizado por nuestras medidas de prevenci\u00f3n.<\/p>\n<p>&nbsp;<\/p>\n<ul>\n<li>El uso de cubrebocas es recomendado para clientes y obligatorio para colaboradores.<\/li>\n<li>Colocamos dispensadores de gel antibacterial en puntos de alto tr\u00e1fico: elevadores, recepci\u00f3n, ba\u00f1os, pasillos y m\u00e1s.<\/li>\n<li>Instalamos dispensadores autom\u00e1ticos de jab\u00f3n en ba\u00f1os comunes y de colaboradores.<\/li>\n<li>Implementamos un protocolo de sanitizaci\u00f3n y chequeo para colaboradores en su llegada al trabajo.<\/li>\n<li>Ejecutamos acciones de limpieza y desinfecci\u00f3n en habitaciones, pasillos, elevadores y \u00e1reas comunes.<\/li>\n<li>Todas nuestras habitaciones cuentan con ventanas de amplia apertura para garantizar la ventilaci\u00f3n natural.<\/li>\n<li>Nuestro gimnasio est\u00e1 restringido a uso por un s\u00f3lo hu\u00e9sped, en un horario programado y desinfecci\u00f3n.<\/li>\n<\/ul>[\/et_pb_text][\/et_pb_column][et_pb_column type=\u00bb1_3&#8243; _builder_version=\u00bb4.9.4&#8243; _module_preset=\u00bbdefault\u00bb global_colors_info=\u00bb{}\u00bb][et_pb_image src=\u00bbhttps:\/\/hotelfrayjunipero.com\/wp-content\/uploads\/2021\/07\/PrevResta.jpg\u00bb title_text=\u00bbPrevResta\u00bb _builder_version=\u00bb4.9.4&#8243; _module_preset=\u00bbdefault\u00bb border_radii=\u00bbon|5px|5px|5px|5px\u00bb box_shadow_style=\u00bbpreset3&#8243; global_colors_info=\u00bb{}\u00bb][\/et_pb_image][et_pb_text _builder_version=\u00bb4.13.1&#8243; hover_enabled=\u00bb0&#8243; global_colors_info=\u00bb{}\u00bb sticky_enabled=\u00bb0&#8243;]<h2>Restaurante Capistrano<\/h2>\n<p>Para disfrutar de la mejor cocina en el Coraz\u00f3n de Tepic es necesario un ambiente seguro.<\/p>\n<p>&nbsp;<\/p>\n<ul>\n<li>El limite de capacidad en restaurante es del 70%.<\/li>\n<li>Tenemos el reconocimiento a trav\u00e9s de la certificaci\u00f3n Punto Limpio de la Secretar\u00eda de Turismo Federal.<\/li>\n<li>Certificados en el manejo y preparaci\u00f3n higi\u00e9nica de alimentos a trav\u00e9s del Distintivo H.<\/li>\n<li>El uso de cubrebocas es recomendado para clientes y obligatorio para colaboradores.<\/li>\n<li>Sanitizamos la mesa tras cada uso, cambiando manteles, usando men\u00fas desechables y no colocando platillos ni cubiertos anticipadamente.<\/li>\n<\/ul>[\/et_pb_text][\/et_pb_column][et_pb_column type=\u00bb1_3&#8243; _builder_version=\u00bb4.9.4&#8243; _module_preset=\u00bbdefault\u00bb global_colors_info=\u00bb{}\u00bb][et_pb_image src=\u00bbhttps:\/\/hotelfrayjunipero.com\/wp-content\/uploads\/2021\/07\/PrevEventos.jpg\u00bb title_text=\u00bbPrevEventos\u00bb _builder_version=\u00bb4.9.4&#8243; _module_preset=\u00bbdefault\u00bb border_radii=\u00bbon|5px|5px|5px|5px\u00bb box_shadow_style=\u00bbpreset3&#8243; global_colors_info=\u00bb{}\u00bb][\/et_pb_image][et_pb_text _builder_version=\u00bb4.13.1&#8243; hover_enabled=\u00bb0&#8243; global_colors_info=\u00bb{}\u00bb sticky_enabled=\u00bb0&#8243;]<h2>Salones de eventos<\/h2>\n<p>Reuniones de trabajo, capacitaciones y m\u00e1s, de forma segura en amplios salones de usos m\u00faltiples.<\/p>\n<p>&nbsp;<\/p>\n<ul>\n<li>El limite de capacidad en los salones es del 70%<\/li>\n<li>Pol\u00edticas y pr\u00e1cticas de distanciamiento social entre visitantes y colaboradores: espacios amplios y separaci\u00f3n f\u00edsica del mobilario.<\/li>\n<li>El uso de cubrebocas es recomendado para clientes y obligatorio para colaboradores.<\/li>\n<li>El control de acceso incluye medici\u00f3n de temperatura, tapetes sanitizantes para el calzado y gel antibacterial.<\/li>\n<\/ul>[\/et_pb_text][\/et_pb_column][\/et_pb_row][et_pb_row column_structure=\u00bb1_3,1_3,1_3&#8243; make_equal=\u00bbon\u00bb _builder_version=\u00bb4.4.1&#8243; global_colors_info=\u00bb{}\u00bb][et_pb_column type=\u00bb1_3&#8243; _builder_version=\u00bb4.4.1&#8243; global_colors_info=\u00bb{}\u00bb][et_pb_text _builder_version=\u00bb4.4.1&#8243; global_colors_info=\u00bb{}\u00bb]<h2>\u00bfQu\u00e9 estamos haciendo?<\/h2>\n<p>Para garantizar el bienestar de nuestros visitantes, estamos trabajando arduamente y de manera conjunta con la Secretar\u00eda de Turismo en la implementaci\u00f3n del programa de Punto Limpio<\/p>[\/et_pb_text][et_pb_button button_url=\u00bb#punto\u00bb button_text=\u00bb\u00bfQu\u00e9 es Punto Limpio?\u00bb _builder_version=\u00bb4.4.1&#8243; global_colors_info=\u00bb{}\u00bb][\/et_pb_button][\/et_pb_column][et_pb_column type=\u00bb1_3&#8243; _builder_version=\u00bb4.4.1&#8243; global_colors_info=\u00bb{}\u00bb][et_pb_text _builder_version=\u00bb4.4.0&#8243; global_colors_info=\u00bb{}\u00bb]<h2>Enlaces de inter\u00e9s<\/h2>\n<p>Recuerda seguir las recomendaciones de las autoridades de la Secretar\u00eda de Salud del Gobierno de M\u00e9xico, seg\u00fan se indica en el siguiente enlace.<\/p>[\/et_pb_text][et_pb_button button_url=\u00bbhttps:\/\/www.gob.mx\/salud\/documentos\/nuevo-coronavirus\u00bb button_text=\u00bbInformaci\u00f3n COVID-19&#8243; _builder_version=\u00bb4.4.0&#8243; global_colors_info=\u00bb{}\u00bb][\/et_pb_button][\/et_pb_column][et_pb_column type=\u00bb1_3&#8243; _builder_version=\u00bb4.4.1&#8243; global_colors_info=\u00bb{}\u00bb][et_pb_text _builder_version=\u00bb4.13.1&#8243; hover_enabled=\u00bb0&#8243; global_colors_info=\u00bb{}\u00bb sticky_enabled=\u00bb0&#8243;]<h2>Pol\u00edtica de cancelaci\u00f3n flexible<\/h2>\n<p>Si cuentas con una reservaci\u00f3n recuerda que <strong>puedes cancelar o aplazar las fechas de tu hospedaje<\/strong> en cualquier momento, no aplica en reservas de grupo.<\/p>\n<p>Si deseas m\u00e1s informaci\u00f3n, necesitas alguna aclaraci\u00f3n o resolver una duda, nos puedes llamar al\u00a0<a href=\"tel:+523112122525\">+52 (311) 212 25 25<\/a>\u00a0o enviar un correo a\u00a0<a href=\"mailto:reservaciones@hotelfrayjunipero.com\">reservaciones@hotelfrayjunipero.com<\/a>\u00a0donde con mucho gusto te atenderemos.<\/p>[\/et_pb_text][\/et_pb_column][\/et_pb_row][\/et_pb_section][et_pb_section fb_built=\u00bb1&#8243; next_background_color=\u00bb#ffffff\u00bb module_id=\u00bbpunto\u00bb _builder_version=\u00bb4.4.1&#8243; use_background_color_gradient=\u00bbon\u00bb background_color_gradient_start=\u00bb#5ab7ae\u00bb background_color_gradient_end=\u00bb#3d667f\u00bb background_color_gradient_direction=\u00bb256deg\u00bb custom_margin_tablet=\u00bb\u00bb custom_margin_phone=\u00bb\u00bb custom_margin_last_edited=\u00bbon|phone\u00bb custom_padding=\u00bb58px||28px||false|false\u00bb top_divider_style=\u00bbarrow3&#8243; top_divider_color=\u00bb#ffffff\u00bb top_divider_height=\u00bb35px\u00bb bottom_divider_style=\u00bbarrow3&#8243; bottom_divider_height=\u00bb35px\u00bb bottom_divider_color_tablet=\u00bb\u00bb bottom_divider_color_phone=\u00bb#ffffff\u00bb bottom_divider_color_last_edited=\u00bbon|desktop\u00bb global_colors_info=\u00bb{}\u00bb][et_pb_row _builder_version=\u00bb4.4.1&#8243; custom_padding=\u00bb0px||0px|||\u00bb global_colors_info=\u00bb{}\u00bb][et_pb_column type=\u00bb4_4&#8243; _builder_version=\u00bb4.4.1&#8243; global_colors_info=\u00bb{}\u00bb][et_pb_text _builder_version=\u00bb4.4.1&#8243; header_2_text_color=\u00bb#ffffff\u00bb custom_margin=\u00bb||-20px||false|false\u00bb global_colors_info=\u00bb{}\u00bb]<h2>Punto Limpio: M\u00e1xima Calidad Higi\u00e9nica<\/h2>\n<p>&nbsp;<\/p>[\/et_pb_text][et_pb_text _builder_version=\u00bb4.4.1&#8243; text_font=\u00bb|600|on||||||\u00bb text_text_color=\u00bb#ffffff\u00bb text_font_size=\u00bb18px\u00bb text_line_height=\u00bb1.6em\u00bb background_image=\u00bbhttps:\/\/hotelfrayjunipero.com\/wp-content\/uploads\/2020\/02\/Quotes100.png\u00bb background_size=\u00bbinitial\u00bb background_position=\u00bbtop_left\u00bb custom_padding=\u00bb||34px|||\u00bb global_colors_info=\u00bb{}\u00bb]<p>Beneficia a los empresarios tur\u00edsticos para conducir sus negocios hacia la incorporaci\u00f3n de buenas pr\u00e1cticas de higiene, promoviendo la cultura de calidad higi\u00e9nica en la actividad tur\u00edstica.<\/p>[\/et_pb_text][\/et_pb_column][\/et_pb_row][\/et_pb_section][et_pb_section fb_built=\u00bb1&#8243; module_class=\u00bbtwo-columns\u00bb _builder_version=\u00bb4.4.1&#8243; custom_margin=\u00bb||1px|||\u00bb custom_padding=\u00bb31px||35px|||\u00bb global_colors_info=\u00bb{}\u00bb][et_pb_row column_structure=\u00bb1_4,3_4&#8243; _builder_version=\u00bb4.4.1&#8243; custom_padding=\u00bb7px|||||\u00bb global_colors_info=\u00bb{}\u00bb][et_pb_column type=\u00bb1_4&#8243; _builder_version=\u00bb4.4.1&#8243; global_colors_info=\u00bb{}\u00bb][et_pb_image src=\u00bbhttps:\/\/hotelfrayjunipero.com\/wp-content\/uploads\/2020\/03\/PuntoLimpio.png\u00bb align=\u00bbcenter\u00bb _builder_version=\u00bb4.4.1&#8243; width=\u00bb60%\u00bb global_colors_info=\u00bb{}\u00bb][\/et_pb_image][\/et_pb_column][et_pb_column type=\u00bb3_4&#8243; _builder_version=\u00bb4.4.1&#8243; global_colors_info=\u00bb{}\u00bb][et_pb_text _builder_version=\u00bb4.4.1&#8243; global_colors_info=\u00bb{}\u00bb]<p><span style=\"font-size: 14px;\">Su principal finalidad es la de proteger la salud de los visitantes, los trabajadores y las comunidades receptoras. \u00abAl ver este sello de calidad se genera confianza con los clientes\u00bb.<\/span><\/p>\n<p>Se trata de un reconocimiento que otorga la Secretar\u00eda de Turismo por implementar la metodolog\u00eda desarrollada y aplicada por consultores especializados registrados.<\/p>[\/et_pb_text][et_pb_button button_url=\u00bbhttps:\/\/www.gob.mx\/sectur\/acciones-y-programas\/sello-de-calidad-punto-limpio\u00bb button_text=\u00bbM\u00e1s informaci\u00f3n\u00bb button_alignment=\u00bbright\u00bb button_alignment_last_edited=\u00bboff|desktop\u00bb _builder_version=\u00bb4.4.1&#8243; custom_button=\u00bbon\u00bb button_bg_color=\u00bb#5ab7ae\u00bb global_colors_info=\u00bb{}\u00bb button_bg_color__hover_enabled=\u00bbon|hover\u00bb button_bg_color__hover=\u00bb#214745&#8243; button_bg_enable_color__hover=\u00bbon\u00bb][\/et_pb_button][\/et_pb_column][\/et_pb_row][\/et_pb_section][et_pb_section fb_built=\u00bb1&#8243; _builder_version=\u00bb4.4.0&#8243; background_color=\u00bb#f2f6f9&#8243; custom_padding=\u00bb10px||0px||false|false\u00bb box_shadow_style=\u00bbpreset3&#8243; box_shadow_vertical=\u00bb0px\u00bb box_shadow_spread=\u00bb0px\u00bb box_shadow_color=\u00bb#dcebf4&#8243; box_shadow_position=\u00bbinner\u00bb global_colors_info=\u00bb{}\u00bb][et_pb_row _builder_version=\u00bb4.4.0&#8243; global_colors_info=\u00bb{}\u00bb][et_pb_column type=\u00bb4_4&#8243; _builder_version=\u00bb4.4.0&#8243; global_colors_info=\u00bb{}\u00bb][et_pb_text _builder_version=\u00bb4.4.0&#8243; header_text_color=\u00bb#d0dfe5&#8243; global_colors_info=\u00bb{}\u00bb]<h1 style=\"text-align: center;\">(English)<\/h1>[\/et_pb_text][\/et_pb_column][\/et_pb_row][\/et_pb_section][et_pb_section fb_built=\u00bb1&#8243; _builder_version=\u00bb4.4.0&#8243; global_colors_info=\u00bb{}\u00bb][et_pb_row _builder_version=\u00bb4.4.0&#8243; global_colors_info=\u00bb{}\u00bb][et_pb_column type=\u00bb4_4&#8243; _builder_version=\u00bb4.4.0&#8243; global_colors_info=\u00bb{}\u00bb][et_pb_text _builder_version=\u00bb4.4.0&#8243; text_font=\u00bb|600|on||||||\u00bb text_text_color=\u00bb#586d7a\u00bb text_font_size=\u00bb18px\u00bb text_line_height=\u00bb1.6em\u00bb background_image=\u00bbhttps:\/\/hotelfrayjunipero.com\/wp-content\/uploads\/2020\/02\/Quotes100.png\u00bb background_size=\u00bbinitial\u00bb background_position=\u00bbtop_left\u00bb global_colors_info=\u00bb{}\u00bb]<p>Here at the Hotel Fray Jun\u00edpero Serra de Tepic we take your safety very seriously. We are following instructions from our goverment health ministry to reduce the impact of the COVID-19 (Coronavirus) within our facilities and to guarantee the safety of our guests.<\/p>[\/et_pb_text][\/et_pb_column][\/et_pb_row][et_pb_row column_structure=\u00bb3_5,2_5&#8243; _builder_version=\u00bb4.4.0&#8243; global_colors_info=\u00bb{}\u00bb][et_pb_column type=\u00bb3_5&#8243; _builder_version=\u00bb4.4.0&#8243; global_colors_info=\u00bb{}\u00bb][et_pb_text _builder_version=\u00bb4.13.1&#8243; hover_enabled=\u00bb0&#8243; global_colors_info=\u00bb{}\u00bb sticky_enabled=\u00bb0&#8243;]<h2>Reservation policy<\/h2>\n<p>If you have a reservation with us, remember that <strong>you can postpone or cancel your stay at any time.\u00a0<\/strong>No show policies still apply.<\/p>\n<p>If you want more information, you can call us at\u00a0<a href=\"tel:+523112122525\">+52 (311) 212 25 25<\/a>\u00a0or send us an email at\u00a0<a href=\"mailto:reservaciones@hotelfrayjunipero.com\">reservaciones@hotelfrayjunipero.com<\/a>\u00a0where we will be more than happy to assist.<\/p>[\/et_pb_text][\/et_pb_column][et_pb_column type=\u00bb2_5&#8243; _builder_version=\u00bb4.4.0&#8243; global_colors_info=\u00bb{}\u00bb][et_pb_text _builder_version=\u00bb4.4.0&#8243; global_colors_info=\u00bb{}\u00bb]<h2>Links of interest<\/h2>\n<p>Remember to follow the recommendations of the Ministry of Health of the Government of Mexico, you can learn more here:<\/p>[\/et_pb_text][et_pb_button button_url=\u00bbhttps:\/\/www.gob.mx\/salud\u00bb button_text=\u00bbSecretar\u00eda de Salud\u00bb _builder_version=\u00bb4.4.0&#8243; global_colors_info=\u00bb{}\u00bb][\/et_pb_button][et_pb_button button_url=\u00bbhttps:\/\/www.gob.mx\/salud\/documentos\/nuevo-coronavirus\u00bb button_text=\u00bbInformaci\u00f3n COVID-19&#8243; _builder_version=\u00bb4.4.0&#8243; global_colors_info=\u00bb{}\u00bb][\/et_pb_button][\/et_pb_column][\/et_pb_row][\/et_pb_section]\n","protected":false},"excerpt":{"rendered":"<p>Prevenci\u00f3n COVID-19 Pol\u00edticas para el bienestar del hu\u00e9spedLa salud y seguridad de nuestros clientes y colaboradores es lo m\u00e1s importante para nosotros por lo que implementamos las siguientes medidas sanitarias preventivas de operaci\u00f3n.Hotel y habitaciones Desde tu llegada hasta tu salida, tu bienestar est\u00e1 garantizado por nuestras medidas de prevenci\u00f3n. &nbsp; El uso de cubrebocas [&hellip;]<\/p>\n","protected":false},"author":2,"featured_media":2644,"parent":0,"menu_order":0,"comment_status":"closed","ping_status":"closed","template":"","meta":{"_et_pb_use_builder":"on","_et_pb_old_content":"","_et_gb_content_width":"","footnotes":""},"class_list":["post-1089","page","type-page","status-publish","has-post-thumbnail","hentry"],"yoast_head":"<!-- This site is optimized with the Yoast SEO plugin v26.8 - https:\/\/yoast.com\/product\/yoast-seo-wordpress\/ -->\n<title>Hotels in Tepic | Hoteles Fray \u2013 Complimentary Buffet Breakfast<\/title>\n<meta name=\"description\" content=\"Looking for hotels in Tepic? Hoteles Fray offers the best location, complimentary buffet breakfast, free WiFi, and flexible cancellation. Book directly with no deposit!\" \/>\n<meta name=\"robots\" content=\"noindex, follow\" \/>\n<meta property=\"og:locale\" content=\"en_US\" \/>\n<meta property=\"og:type\" content=\"article\" \/>\n<meta property=\"og:title\" content=\"Hotels in Tepic | Hoteles Fray \u2013 Complimentary Buffet Breakfast\" \/>\n<meta property=\"og:description\" content=\"Looking for hotels in Tepic? Hoteles Fray offers the best location, complimentary buffet breakfast, free WiFi, and flexible cancellation. Book directly with no deposit!\" \/>\n<meta property=\"og:url\" content=\"https:\/\/hotelesfray.com\/en\/prevencion\/\" \/>\n<meta property=\"og:site_name\" content=\"Hoteles Fray\" \/>\n<meta property=\"article:modified_time\" content=\"2026-03-24T18:53:55+00:00\" \/>\n<meta property=\"og:image\" content=\"https:\/\/hotelesfray.com\/wp-content\/uploads\/2021\/07\/HeroPrev.jpg\" \/>\n\t<meta property=\"og:image:width\" content=\"2000\" \/>\n\t<meta property=\"og:image:height\" content=\"800\" \/>\n\t<meta property=\"og:image:type\" content=\"image\/jpeg\" \/>\n<meta name=\"twitter:card\" content=\"summary_large_image\" \/>\n<meta name=\"twitter:label1\" content=\"Est. reading time\" \/>\n\t<meta name=\"twitter:data1\" content=\"5 minutes\" \/>\n<script type=\"application\/ld+json\" class=\"yoast-schema-graph\">{\"@context\":\"https:\/\/schema.org\",\"@graph\":[{\"@type\":\"WebPage\",\"@id\":\"https:\/\/hotelesfray.com\/prevencion\/\",\"url\":\"https:\/\/hotelesfray.com\/prevencion\/\",\"name\":\"Prevenci\u00f3n COVID-19 | Hoteles Fray\",\"isPartOf\":{\"@id\":\"https:\/\/hotelesfray.com\/#website\"},\"primaryImageOfPage\":{\"@id\":\"https:\/\/hotelesfray.com\/prevencion\/#primaryimage\"},\"image\":{\"@id\":\"https:\/\/hotelesfray.com\/prevencion\/#primaryimage\"},\"thumbnailUrl\":\"https:\/\/hotelesfray.com\/wp-content\/uploads\/2021\/07\/HeroPrev.jpg\",\"datePublished\":\"2020-03-20T05:12:58+00:00\",\"dateModified\":\"2026-03-24T18:53:55+00:00\",\"inLanguage\":\"en-US\",\"potentialAction\":[{\"@type\":\"ReadAction\",\"target\":[\"https:\/\/hotelesfray.com\/prevencion\/\"]}]},{\"@type\":\"ImageObject\",\"inLanguage\":\"en-US\",\"@id\":\"https:\/\/hotelesfray.com\/prevencion\/#primaryimage\",\"url\":\"https:\/\/hotelesfray.com\/wp-content\/uploads\/2021\/07\/HeroPrev.jpg\",\"contentUrl\":\"https:\/\/hotelesfray.com\/wp-content\/uploads\/2021\/07\/HeroPrev.jpg\",\"width\":2000,\"height\":800},{\"@type\":\"WebSite\",\"@id\":\"https:\/\/hotelesfray.com\/#website\",\"url\":\"https:\/\/hotelesfray.com\/\",\"name\":\"Hoteles Fray\",\"description\":\"Los Mejores Hoteles en el Centro de Tepic, Nayarit\",\"publisher\":{\"@id\":\"https:\/\/hotelesfray.com\/#organization\"},\"potentialAction\":[{\"@type\":\"SearchAction\",\"target\":{\"@type\":\"EntryPoint\",\"urlTemplate\":\"https:\/\/hotelesfray.com\/?s={search_term_string}\"},\"query-input\":{\"@type\":\"PropertyValueSpecification\",\"valueRequired\":true,\"valueName\":\"search_term_string\"}}],\"inLanguage\":\"en-US\"},{\"@type\":\"Organization\",\"@id\":\"https:\/\/hotelesfray.com\/#organization\",\"name\":\"Hoteles Fray\",\"url\":\"https:\/\/hotelesfray.com\/\",\"logo\":{\"@type\":\"ImageObject\",\"inLanguage\":\"en-US\",\"@id\":\"https:\/\/hotelesfray.com\/#\/schema\/logo\/image\/\",\"url\":\"https:\/\/hotelesfray.com\/wp-content\/uploads\/2023\/01\/HotelesFray-cuadro.png\",\"contentUrl\":\"https:\/\/hotelesfray.com\/wp-content\/uploads\/2023\/01\/HotelesFray-cuadro.png\",\"width\":2200,\"height\":2200,\"caption\":\"Hoteles Fray\"},\"image\":{\"@id\":\"https:\/\/hotelesfray.com\/#\/schema\/logo\/image\/\"}}]}<\/script>\n<!-- \/ Yoast SEO plugin. -->","yoast_head_json":{"title":"Hotels in Tepic | Hoteles Fray \u2013 Complimentary Buffet Breakfast","description":"Looking for hotels in Tepic? Hoteles Fray offers the best location, complimentary buffet breakfast, free WiFi, and flexible cancellation. Book directly with no deposit!","robots":{"index":"noindex","follow":"follow"},"og_locale":"en_US","og_type":"article","og_title":"Hotels in Tepic | Hoteles Fray \u2013 Complimentary Buffet Breakfast","og_description":"Looking for hotels in Tepic? Hoteles Fray offers the best location, complimentary buffet breakfast, free WiFi, and flexible cancellation. Book directly with no deposit!","og_url":"https:\/\/hotelesfray.com\/en\/prevencion\/","og_site_name":"Hoteles Fray","article_modified_time":"2026-03-24T18:53:55+00:00","og_image":[{"width":2000,"height":800,"url":"https:\/\/hotelesfray.com\/wp-content\/uploads\/2021\/07\/HeroPrev.jpg","type":"image\/jpeg"}],"twitter_card":"summary_large_image","twitter_misc":{"Est. reading time":"5 minutes"},"schema":{"@context":"https:\/\/schema.org","@graph":[{"@type":"WebPage","@id":"https:\/\/hotelesfray.com\/prevencion\/","url":"https:\/\/hotelesfray.com\/prevencion\/","name":"Prevenci\u00f3n COVID-19 | Hoteles Fray","isPartOf":{"@id":"https:\/\/hotelesfray.com\/#website"},"primaryImageOfPage":{"@id":"https:\/\/hotelesfray.com\/prevencion\/#primaryimage"},"image":{"@id":"https:\/\/hotelesfray.com\/prevencion\/#primaryimage"},"thumbnailUrl":"https:\/\/hotelesfray.com\/wp-content\/uploads\/2021\/07\/HeroPrev.jpg","datePublished":"2020-03-20T05:12:58+00:00","dateModified":"2026-03-24T18:53:55+00:00","inLanguage":"en-US","potentialAction":[{"@type":"ReadAction","target":["https:\/\/hotelesfray.com\/prevencion\/"]}]},{"@type":"ImageObject","inLanguage":"en-US","@id":"https:\/\/hotelesfray.com\/prevencion\/#primaryimage","url":"https:\/\/hotelesfray.com\/wp-content\/uploads\/2021\/07\/HeroPrev.jpg","contentUrl":"https:\/\/hotelesfray.com\/wp-content\/uploads\/2021\/07\/HeroPrev.jpg","width":2000,"height":800},{"@type":"WebSite","@id":"https:\/\/hotelesfray.com\/#website","url":"https:\/\/hotelesfray.com\/","name":"Hoteles Fray","description":"Los Mejores Hoteles en el Centro de Tepic, Nayarit","publisher":{"@id":"https:\/\/hotelesfray.com\/#organization"},"potentialAction":[{"@type":"SearchAction","target":{"@type":"EntryPoint","urlTemplate":"https:\/\/hotelesfray.com\/?s={search_term_string}"},"query-input":{"@type":"PropertyValueSpecification","valueRequired":true,"valueName":"search_term_string"}}],"inLanguage":"en-US"},{"@type":"Organization","@id":"https:\/\/hotelesfray.com\/#organization","name":"Hoteles Fray","url":"https:\/\/hotelesfray.com\/","logo":{"@type":"ImageObject","inLanguage":"en-US","@id":"https:\/\/hotelesfray.com\/#\/schema\/logo\/image\/","url":"https:\/\/hotelesfray.com\/wp-content\/uploads\/2023\/01\/HotelesFray-cuadro.png","contentUrl":"https:\/\/hotelesfray.com\/wp-content\/uploads\/2023\/01\/HotelesFray-cuadro.png","width":2200,"height":2200,"caption":"Hoteles Fray"},"image":{"@id":"https:\/\/hotelesfray.com\/#\/schema\/logo\/image\/"}}]}},"_links":{"self":[{"href":"https:\/\/hotelesfray.com\/en\/wp-json\/wp\/v2\/pages\/1089","targetHints":{"allow":["GET"]}}],"collection":[{"href":"https:\/\/hotelesfray.com\/en\/wp-json\/wp\/v2\/pages"}],"about":[{"href":"https:\/\/hotelesfray.com\/en\/wp-json\/wp\/v2\/types\/page"}],"author":[{"embeddable":true,"href":"https:\/\/hotelesfray.com\/en\/wp-json\/wp\/v2\/users\/2"}],"replies":[{"embeddable":true,"href":"https:\/\/hotelesfray.com\/en\/wp-json\/wp\/v2\/comments?post=1089"}],"version-history":[{"count":7,"href":"https:\/\/hotelesfray.com\/en\/wp-json\/wp\/v2\/pages\/1089\/revisions"}],"predecessor-version":[{"id":4311,"href":"https:\/\/hotelesfray.com\/en\/wp-json\/wp\/v2\/pages\/1089\/revisions\/4311"}],"wp:featuredmedia":[{"embeddable":true,"href":"https:\/\/hotelesfray.com\/en\/wp-json\/wp\/v2\/media\/2644"}],"wp:attachment":[{"href":"https:\/\/hotelesfray.com\/en\/wp-json\/wp\/v2\/media?parent=1089"}],"curies":[{"name":"wp","href":"https:\/\/api.w.org\/{rel}","templated":true}]}}