{"id":4977,"date":"2024-02-27T23:26:36","date_gmt":"2024-02-28T03:26:36","guid":{"rendered":"https:\/\/hotelesfray.com\/?page_id=4977"},"modified":"2026-03-25T23:58:44","modified_gmt":"2026-03-26T03:58:44","slug":"islasmarias","status":"publish","type":"page","link":"https:\/\/hotelesfray.com\/en\/guia-turistica\/islasmarias\/","title":{"rendered":"Paquete Islas Mar\u00edas"},"content":{"rendered":"<p>[et_pb_section fb_built=\u00bb1&#8243; _builder_version=\u00bb4.27.6&#8243; _module_preset=\u00bbdefault\u00bb background_color=\u00bb#3D5A69&#8243; background_image=\u00bbhttps:\/\/hotelesfray.com\/wp-content\/uploads\/2024\/02\/IslasMHero-jpg.webp\u00bb custom_padding=\u00bb250px||||false|false\u00bb hover_enabled=\u00bb0&#8243; background_color_phone=\u00bbrgba(10,5,5,0.5)\u00bb background_last_edited=\u00bbon|phone\u00bb background_enable_color_phone=\u00bbon\u00bb background_blend_phone=\u00bbmultiply\u00bb da_disable_devices=\u00bboff|off|off\u00bb global_colors_info=\u00bb{}\u00bb use_background_color_gradient=\u00bbon\u00bb background_color_gradient_overlays_image=\u00bbon\u00bb background_color_gradient_stops=\u00bbrgba(43,135,218,0.45) 0%|rgba(41,196,169,0.45) 100%\u00bb sticky_enabled=\u00bb0&#8243; da_is_popup=\u00bboff\u00bb da_exit_intent=\u00bboff\u00bb da_has_close=\u00bbon\u00bb da_alt_close=\u00bboff\u00bb da_dark_close=\u00bboff\u00bb da_not_modal=\u00bbon\u00bb da_is_singular=\u00bboff\u00bb da_with_loader=\u00bboff\u00bb da_has_shadow=\u00bbon\u00bb][et_pb_row _builder_version=\u00bb4.23.4&#8243; _module_preset=\u00bbdefault\u00bb global_colors_info=\u00bb{}\u00bb][et_pb_column type=\u00bb4_4&#8243; _builder_version=\u00bb4.27.6&#8243; _module_preset=\u00bbdefault\u00bb global_colors_info=\u00bb{}\u00bb][et_pb_text _builder_version=\u00bb4.27.6&#8243; _module_preset=\u00bbdefault\u00bb text_text_color=\u00bb#EBA123&#8243; text_font_size=\u00bb25px\u00bb header_text_color=\u00bb#FFFFFF\u00bb header_font_size=\u00bb50px\u00bb header_letter_spacing=\u00bb-1px\u00bb hover_enabled=\u00bb0&#8243; global_colors_info=\u00bb{}\u00bb text_text_shadow_style=\u00bbpreset1&#8243; sticky_enabled=\u00bb0&#8243;]<\/p>\n<p>VIVE LA EXPERIENCIA<\/p>\n<h1>Paquete Islas Mar\u00edas<\/h1>\n<p>[\/et_pb_text][\/et_pb_column][\/et_pb_row][\/et_pb_section][et_pb_section fb_built=\u00bb1&#8243; _builder_version=\u00bb4.23.4&#8243; _module_preset=\u00bbdefault\u00bb background_color=\u00bb#dee7ed\u00bb background_enable_pattern_style=\u00bbon\u00bb background_pattern_style=\u00bbwaves\u00bb background_pattern_color=\u00bb#d3dde8&#8243; da_disable_devices=\u00bboff|off|off\u00bb global_colors_info=\u00bb{}\u00bb da_is_popup=\u00bboff\u00bb da_exit_intent=\u00bboff\u00bb da_has_close=\u00bbon\u00bb da_alt_close=\u00bboff\u00bb da_dark_close=\u00bboff\u00bb da_not_modal=\u00bbon\u00bb da_is_singular=\u00bboff\u00bb da_with_loader=\u00bboff\u00bb da_has_shadow=\u00bbon\u00bb][et_pb_row _builder_version=\u00bb4.23.4&#8243; _module_preset=\u00bbdefault\u00bb global_colors_info=\u00bb{}\u00bb][et_pb_column type=\u00bb4_4&#8243; _builder_version=\u00bb4.23.4&#8243; _module_preset=\u00bbdefault\u00bb global_colors_info=\u00bb{}\u00bb][et_pb_text _builder_version=\u00bb4.23.4&#8243; _module_preset=\u00bbdefault\u00bb text_text_color=\u00bb#3D5A69&#8243; text_font_size=\u00bb20px\u00bb global_colors_info=\u00bb{}\u00bb]<\/p>\n<p><strong>Nayarit Adventures<\/strong> y <strong>Hoteles Fray<\/strong> tienen para ti un completo paquete para conocer el nuevo destino tur\u00edstico y Pueblo M\u00e1gico: Puerto Balleto en las Islas Mar\u00edas. Una antigua colonia penitenciaria que se convierte en una reserva de la bi\u00f3sfera.<\/p>\n<p>[\/et_pb_text][\/et_pb_column][\/et_pb_row][\/et_pb_section][et_pb_section fb_built=\u00bb1&#8243; _builder_version=\u00bb4.23.4&#8243; _module_preset=\u00bbdefault\u00bb da_disable_devices=\u00bboff|off|off\u00bb global_colors_info=\u00bb{}\u00bb da_is_popup=\u00bboff\u00bb da_exit_intent=\u00bboff\u00bb da_has_close=\u00bbon\u00bb da_alt_close=\u00bboff\u00bb da_dark_close=\u00bboff\u00bb da_not_modal=\u00bbon\u00bb da_is_singular=\u00bboff\u00bb da_with_loader=\u00bboff\u00bb da_has_shadow=\u00bbon\u00bb][et_pb_row column_structure=\u00bb1_2,1_2&#8243; _builder_version=\u00bb4.23.4&#8243; _module_preset=\u00bbdefault\u00bb global_colors_info=\u00bb{}\u00bb][et_pb_column type=\u00bb1_2&#8243; _builder_version=\u00bb4.23.4&#8243; _module_preset=\u00bbdefault\u00bb global_colors_info=\u00bb{}\u00bb][et_pb_image src=\u00bbhttps:\/\/hotelesfray.com\/wp-content\/uploads\/2024\/02\/Islas4-jpg.webp\u00bb title_text=\u00bbIslas4&#8243; _builder_version=\u00bb4.23.4&#8243; _module_preset=\u00bbdefault\u00bb border_radii=\u00bbon|5px|5px|5px|5px\u00bb box_shadow_style=\u00bbpreset3&#8243; global_colors_info=\u00bb{}\u00bb][\/et_pb_image][\/et_pb_column][et_pb_column type=\u00bb1_2&#8243; _builder_version=\u00bb4.23.4&#8243; _module_preset=\u00bbdefault\u00bb global_colors_info=\u00bb{}\u00bb][et_pb_text _builder_version=\u00bb4.23.4&#8243; _module_preset=\u00bbdefault\u00bb global_colors_info=\u00bb{}\u00bb]<\/p>\n<h2>\u00bfQu\u00e9 incluye?<\/h2>\n<ul>\n<li><strong>Dos noches en el Hotel Fray Centro Hist\u00f3rico<\/strong>, con desayuno incluido en habitaci\u00f3n cu\u00e1druple.<\/li>\n<li><strong>Transporte terrestre<\/strong> desde Tepic a San Blas, y de regreso a Tepic.<\/li>\n<li><strong>Transporte mar\u00edtimo<\/strong> de San Blas a las Islas Mar\u00edas.<\/li>\n<li>Alimentos tipo buffet en las Islas Mar\u00edas: <strong>dos desayunos, dos comidas y dos cenas<\/strong>.<\/li>\n<li>Ingreso al \u00e1rea natural protegida (ANP).<\/li>\n<li><strong>Seguro excursionista<\/strong>.<\/li>\n<li><strong>Hospedaje en las Islas Mar\u00edas<\/strong>: habitaci\u00f3n sencilla con capacidad para cuatro personas.<\/li>\n<\/ul>\n<p>[\/et_pb_text][\/et_pb_column][\/et_pb_row][et_pb_row column_structure=\u00bb1_2,1_2&#8243; _builder_version=\u00bb4.23.4&#8243; _module_preset=\u00bbdefault\u00bb global_colors_info=\u00bb{}\u00bb][et_pb_column type=\u00bb1_2&#8243; _builder_version=\u00bb4.23.4&#8243; _module_preset=\u00bbdefault\u00bb global_colors_info=\u00bb{}\u00bb][et_pb_text _builder_version=\u00bb4.23.4&#8243; _module_preset=\u00bbdefault\u00bb global_colors_info=\u00bb{}\u00bb]<\/p>\n<h2>Experiencia en las Islas Mar\u00edas<\/h2>\n<ul>\n<li>Recorrer\u00e1s las calles de <strong>Puerto Balleto<\/strong> norte: su iglesia, la casa de la monja, los muros de agua y la henequera.<\/li>\n<li>Descubrir\u00e1s la casa de gobierno y disfrutar\u00e1s el<strong> mirador y playa Chapingo<\/strong>.<\/li>\n<li>Conocer\u00e1s el sur de la isla, hasta <strong>Punta Halcones<\/strong>, la<strong> Laguna del Toro<\/strong>, la Camaronera, Salinera y Calera.<\/li>\n<li>Recorrer\u00e1s el sur de Puerto Balleto: su pante\u00f3n, un museo en un antiguo destacamento y los artesanos.<\/li>\n<li>Realizar\u00e1s actividades de <strong>senderismo al faro<\/strong> de la isla, y el cerro de Cristo.<\/li>\n<\/ul>\n<p>[\/et_pb_text][\/et_pb_column][et_pb_column type=\u00bb1_2&#8243; _builder_version=\u00bb4.23.4&#8243; _module_preset=\u00bbdefault\u00bb global_colors_info=\u00bb{}\u00bb][et_pb_gallery gallery_ids=\u00bb4987,4986,4985,4984&#8243; fullwidth=\u00bbon\u00bb _builder_version=\u00bb4.23.4&#8243; _module_preset=\u00bbdefault\u00bb auto=\u00bbon\u00bb auto_speed=\u00bb5000&#8243; border_radii=\u00bbon|5px|5px|5px|5px\u00bb box_shadow_style=\u00bbpreset3&#8243; global_colors_info=\u00bb{}\u00bb][\/et_pb_gallery][\/et_pb_column][\/et_pb_row][et_pb_row _builder_version=\u00bb4.27.4&#8243; _module_preset=\u00bbdefault\u00bb global_colors_info=\u00bb{}\u00bb][et_pb_column type=\u00bb4_4&#8243; _builder_version=\u00bb4.27.4&#8243; _module_preset=\u00bbdefault\u00bb global_colors_info=\u00bb{}\u00bb][et_pb_text _builder_version=\u00bb4.27.4&#8243; _module_preset=\u00bbdefault\u00bb global_colors_info=\u00bb{}\u00bb]<\/p>\n<h2 style=\"text-align: center;\">Tour Virtual<\/h2>\n<p><span><div class='pnrm-viewer'><div class='box-main-interface ' dir='ltr' style='text-align: left;'><div class='inside-ui' data-insert='on' style='display: none;'><a href='' class='custom-logo'><\/a><div class='pnrm-handle-move'><\/div><span class='pnrm-audio-icon icon-audio-off'><i class='fa-solid fa-volume-xmark'><\/i><\/span><span class='pnrm-audio-icon icon-audio-on'><i class='fa-solid fa-volume-high'><\/i><\/span><span class='pnrm-icon-go-back' title='Go Back'><i class='fa-solid fa-arrow-left'><\/i><\/span><\/div><div class='pnrm-div' data-tour-id='6177 data-start-scene-id='' style='height: 500px; '><\/div><div class='info-overlay'> <div class='box-content'><span class='close-icon' title='close'><img src=https:\/\/hotelesfray.com\/wp-content\/plugins\/panorom\/public\/img\/x.svg alt='close icon'><\/span><\/div><\/div><\/div><\/div><\/span><\/p>\n<p>[\/et_pb_text][\/et_pb_column][\/et_pb_row][et_pb_row _builder_version=\u00bb4.23.4&#8243; _module_preset=\u00bbdefault\u00bb global_colors_info=\u00bb{}\u00bb][et_pb_column type=\u00bb4_4&#8243; _builder_version=\u00bb4.23.4&#8243; _module_preset=\u00bbdefault\u00bb global_colors_info=\u00bb{}\u00bb][et_pb_text _builder_version=\u00bb4.23.4&#8243; _module_preset=\u00bbdefault\u00bb text_orientation=\u00bbcenter\u00bb global_colors_info=\u00bb{}\u00bb]<\/p>\n<h2>Cotiza y reserva hoy mismo<\/h2>\n<h5><\/h5>\n<p><strong>Tel\u00e9fonos Nayarit Adventures:<br \/><a href=\"tel:+528008377383\">800 837 7383<\/a><br \/><\/strong><strong><a href=\"tel:+523112180808\">311 218 0808<\/a><br \/><\/strong><strong><a href=\"tel:+523111360137\">311 136 0137<\/a><br \/><a href=\"mailto:reservaciones@nayaritadventures.com\">reservaciones@nayaritadventures.com<\/a><br \/><\/strong><\/p>\n<p>[\/et_pb_text][et_pb_button button_url=\u00bbhttps:\/\/wa.link\/ekzx73&#8243; button_text=\u00bbCOTIZAR MI VIAJE (WHATSAPP)\u00bb button_alignment=\u00bbcenter\u00bb _builder_version=\u00bb4.23.4&#8243; _module_preset=\u00bbdefault\u00bb custom_button=\u00bbon\u00bb button_text_color=\u00bb#FFFFFF\u00bb button_bg_color=\u00bb#1dc425&#8243; button_font=\u00bb|600|||||||\u00bb custom_padding=\u00bb10px|40px|10px|40px|false|false\u00bb box_shadow_style=\u00bbpreset3&#8243; box_shadow_spread=\u00bb-12px\u00bb global_colors_info=\u00bb{}\u00bb][\/et_pb_button][\/et_pb_column][\/et_pb_row][\/et_pb_section][et_pb_section fb_built=\u00bb1&#8243; _builder_version=\u00bb4.23.4&#8243; _module_preset=\u00bbdefault\u00bb background_color=\u00bb#EBA123&#8243; custom_padding=\u00bb10px||0px||false|false\u00bb da_disable_devices=\u00bboff|off|off\u00bb global_colors_info=\u00bb{}\u00bb da_is_popup=\u00bboff\u00bb da_exit_intent=\u00bboff\u00bb da_has_close=\u00bbon\u00bb da_alt_close=\u00bboff\u00bb da_dark_close=\u00bboff\u00bb da_not_modal=\u00bbon\u00bb da_is_singular=\u00bboff\u00bb da_with_loader=\u00bboff\u00bb da_has_shadow=\u00bbon\u00bb][et_pb_row _builder_version=\u00bb4.23.4&#8243; _module_preset=\u00bbdefault\u00bb global_colors_info=\u00bb{}\u00bb][et_pb_column type=\u00bb4_4&#8243; _builder_version=\u00bb4.23.4&#8243; _module_preset=\u00bbdefault\u00bb global_colors_info=\u00bb{}\u00bb][et_pb_text _builder_version=\u00bb4.23.4&#8243; _module_preset=\u00bbdefault\u00bb global_colors_info=\u00bb{}\u00bb]<\/p>\n<p>Fotos: <strong>\u00a92024 Eduardo L\u00f3pez\u00a0<\/strong><\/p>\n<p>[\/et_pb_text][\/et_pb_column][\/et_pb_row][\/et_pb_section]<\/p>\n","protected":false},"excerpt":{"rendered":"<p>VIVE LA EXPERIENCIA Paquete Islas Mar\u00edasNayarit Adventures y Hoteles Fray tienen para ti un completo paquete para conocer el nuevo destino tur\u00edstico y Pueblo M\u00e1gico: Puerto Balleto en las Islas Mar\u00edas. Una antigua colonia penitenciaria que se convierte en una reserva de la bi\u00f3sfera.\u00bfQu\u00e9 incluye? Dos noches en el Hotel Fray Centro Hist\u00f3rico, con desayuno [&hellip;]<\/p>\n","protected":false},"author":2,"featured_media":5023,"parent":339,"menu_order":0,"comment_status":"closed","ping_status":"closed","template":"","meta":{"_et_pb_use_builder":"on","_et_pb_old_content":"<!-- wp:divi\/placeholder \/-->","_et_gb_content_width":"","footnotes":""},"class_list":["post-4977","page","type-page","status-publish","has-post-thumbnail","hentry"],"yoast_head":"<!-- This site is optimized with the Yoast SEO plugin v27.4 - https:\/\/yoast.com\/product\/yoast-seo-wordpress\/ -->\n<title>Hotels in Tepic | Hoteles Fray \u2013 Complimentary Buffet Breakfast<\/title>\n<meta name=\"description\" content=\"Looking for hotels in Tepic? Hoteles Fray offers the best location, complimentary buffet breakfast, free WiFi, and flexible cancellation. Book directly with no deposit!\" \/>\n<meta name=\"robots\" content=\"index, follow, max-snippet:-1, max-image-preview:large, max-video-preview:-1\" \/>\n<link rel=\"canonical\" href=\"https:\/\/hotelesfray.com\/en\/guia-turistica\/islasmarias\/\" \/>\n<meta property=\"og:locale\" content=\"en_US\" \/>\n<meta property=\"og:type\" content=\"article\" \/>\n<meta property=\"og:title\" content=\"Hotels in Tepic | Hoteles Fray \u2013 Complimentary Buffet Breakfast\" \/>\n<meta property=\"og:description\" content=\"Looking for hotels in Tepic? Hoteles Fray offers the best location, complimentary buffet breakfast, free WiFi, and flexible cancellation. Book directly with no deposit!\" \/>\n<meta property=\"og:url\" content=\"https:\/\/hotelesfray.com\/en\/guia-turistica\/islasmarias\/\" \/>\n<meta property=\"og:site_name\" content=\"Hoteles Fray\" \/>\n<meta property=\"article:modified_time\" content=\"2026-03-26T03:58:44+00:00\" \/>\n<meta property=\"og:image\" content=\"https:\/\/hotelesfray.com\/wp-content\/uploads\/2024\/03\/IslasHero-jpg.webp\" \/>\n\t<meta property=\"og:image:width\" content=\"1200\" \/>\n\t<meta property=\"og:image:height\" content=\"630\" \/>\n\t<meta property=\"og:image:type\" content=\"image\/jpeg\" \/>\n<meta name=\"twitter:card\" content=\"summary_large_image\" \/>\n<meta name=\"twitter:label1\" content=\"Est. reading time\" \/>\n\t<meta name=\"twitter:data1\" content=\"5 minutes\" \/>\n<script type=\"application\/ld+json\" class=\"yoast-schema-graph\">{\"@context\":\"https:\\\/\\\/schema.org\",\"@graph\":[{\"@type\":\"WebPage\",\"@id\":\"https:\\\/\\\/hotelesfray.com\\\/guia-turistica\\\/islasmarias\\\/\",\"url\":\"https:\\\/\\\/hotelesfray.com\\\/guia-turistica\\\/islasmarias\\\/\",\"name\":\"Paquete Islas Mar\u00edas | Hoteles Fray\",\"isPartOf\":{\"@id\":\"https:\\\/\\\/hotelesfray.com\\\/#website\"},\"primaryImageOfPage\":{\"@id\":\"https:\\\/\\\/hotelesfray.com\\\/guia-turistica\\\/islasmarias\\\/#primaryimage\"},\"image\":{\"@id\":\"https:\\\/\\\/hotelesfray.com\\\/guia-turistica\\\/islasmarias\\\/#primaryimage\"},\"thumbnailUrl\":\"https:\\\/\\\/hotelesfray.com\\\/wp-content\\\/uploads\\\/2024\\\/03\\\/IslasHero-jpg.webp\",\"datePublished\":\"2024-02-28T03:26:36+00:00\",\"dateModified\":\"2026-03-26T03:58:44+00:00\",\"breadcrumb\":{\"@id\":\"https:\\\/\\\/hotelesfray.com\\\/guia-turistica\\\/islasmarias\\\/#breadcrumb\"},\"inLanguage\":\"en-US\",\"potentialAction\":[{\"@type\":\"ReadAction\",\"target\":[\"https:\\\/\\\/hotelesfray.com\\\/guia-turistica\\\/islasmarias\\\/\"]}]},{\"@type\":\"ImageObject\",\"inLanguage\":\"en-US\",\"@id\":\"https:\\\/\\\/hotelesfray.com\\\/guia-turistica\\\/islasmarias\\\/#primaryimage\",\"url\":\"https:\\\/\\\/hotelesfray.com\\\/wp-content\\\/uploads\\\/2024\\\/03\\\/IslasHero-jpg.webp\",\"contentUrl\":\"https:\\\/\\\/hotelesfray.com\\\/wp-content\\\/uploads\\\/2024\\\/03\\\/IslasHero-jpg.webp\",\"width\":1200,\"height\":630},{\"@type\":\"BreadcrumbList\",\"@id\":\"https:\\\/\\\/hotelesfray.com\\\/guia-turistica\\\/islasmarias\\\/#breadcrumb\",\"itemListElement\":[{\"@type\":\"ListItem\",\"position\":1,\"name\":\"Qu\u00e9 hacer en Tepic\",\"item\":\"https:\\\/\\\/hotelesfray.com\\\/guia-turistica\\\/\"},{\"@type\":\"ListItem\",\"position\":2,\"name\":\"Paquete Islas Mar\u00edas\"}]},{\"@type\":\"WebSite\",\"@id\":\"https:\\\/\\\/hotelesfray.com\\\/#website\",\"url\":\"https:\\\/\\\/hotelesfray.com\\\/\",\"name\":\"Hoteles Fray\",\"description\":\"Los Mejores Hoteles en el Centro de Tepic, Nayarit\",\"publisher\":{\"@id\":\"https:\\\/\\\/hotelesfray.com\\\/#organization\"},\"potentialAction\":[{\"@type\":\"SearchAction\",\"target\":{\"@type\":\"EntryPoint\",\"urlTemplate\":\"https:\\\/\\\/hotelesfray.com\\\/?s={search_term_string}\"},\"query-input\":{\"@type\":\"PropertyValueSpecification\",\"valueRequired\":true,\"valueName\":\"search_term_string\"}}],\"inLanguage\":\"en-US\"},{\"@type\":\"Organization\",\"@id\":\"https:\\\/\\\/hotelesfray.com\\\/#organization\",\"name\":\"Hoteles Fray\",\"url\":\"https:\\\/\\\/hotelesfray.com\\\/\",\"logo\":{\"@type\":\"ImageObject\",\"inLanguage\":\"en-US\",\"@id\":\"https:\\\/\\\/hotelesfray.com\\\/#\\\/schema\\\/logo\\\/image\\\/\",\"url\":\"https:\\\/\\\/hotelesfray.com\\\/wp-content\\\/uploads\\\/2023\\\/01\\\/HotelesFray-cuadro.png\",\"contentUrl\":\"https:\\\/\\\/hotelesfray.com\\\/wp-content\\\/uploads\\\/2023\\\/01\\\/HotelesFray-cuadro.png\",\"width\":2200,\"height\":2200,\"caption\":\"Hoteles Fray\"},\"image\":{\"@id\":\"https:\\\/\\\/hotelesfray.com\\\/#\\\/schema\\\/logo\\\/image\\\/\"}}]}<\/script>\n<!-- \/ Yoast SEO plugin. -->","yoast_head_json":{"title":"Hotels in Tepic | Hoteles Fray \u2013 Complimentary Buffet Breakfast","description":"Looking for hotels in Tepic? Hoteles Fray offers the best location, complimentary buffet breakfast, free WiFi, and flexible cancellation. Book directly with no deposit!","robots":{"index":"index","follow":"follow","max-snippet":"max-snippet:-1","max-image-preview":"max-image-preview:large","max-video-preview":"max-video-preview:-1"},"canonical":"https:\/\/hotelesfray.com\/en\/guia-turistica\/islasmarias\/","og_locale":"en_US","og_type":"article","og_title":"Hotels in Tepic | Hoteles Fray \u2013 Complimentary Buffet Breakfast","og_description":"Looking for hotels in Tepic? Hoteles Fray offers the best location, complimentary buffet breakfast, free WiFi, and flexible cancellation. Book directly with no deposit!","og_url":"https:\/\/hotelesfray.com\/en\/guia-turistica\/islasmarias\/","og_site_name":"Hoteles Fray","article_modified_time":"2026-03-26T03:58:44+00:00","og_image":[{"width":1200,"height":630,"url":"https:\/\/hotelesfray.com\/wp-content\/uploads\/2024\/03\/IslasHero-jpg.webp","type":"image\/jpeg"}],"twitter_card":"summary_large_image","twitter_misc":{"Est. reading time":"5 minutes"},"schema":{"@context":"https:\/\/schema.org","@graph":[{"@type":"WebPage","@id":"https:\/\/hotelesfray.com\/guia-turistica\/islasmarias\/","url":"https:\/\/hotelesfray.com\/guia-turistica\/islasmarias\/","name":"Paquete Islas Mar\u00edas | Hoteles Fray","isPartOf":{"@id":"https:\/\/hotelesfray.com\/#website"},"primaryImageOfPage":{"@id":"https:\/\/hotelesfray.com\/guia-turistica\/islasmarias\/#primaryimage"},"image":{"@id":"https:\/\/hotelesfray.com\/guia-turistica\/islasmarias\/#primaryimage"},"thumbnailUrl":"https:\/\/hotelesfray.com\/wp-content\/uploads\/2024\/03\/IslasHero-jpg.webp","datePublished":"2024-02-28T03:26:36+00:00","dateModified":"2026-03-26T03:58:44+00:00","breadcrumb":{"@id":"https:\/\/hotelesfray.com\/guia-turistica\/islasmarias\/#breadcrumb"},"inLanguage":"en-US","potentialAction":[{"@type":"ReadAction","target":["https:\/\/hotelesfray.com\/guia-turistica\/islasmarias\/"]}]},{"@type":"ImageObject","inLanguage":"en-US","@id":"https:\/\/hotelesfray.com\/guia-turistica\/islasmarias\/#primaryimage","url":"https:\/\/hotelesfray.com\/wp-content\/uploads\/2024\/03\/IslasHero-jpg.webp","contentUrl":"https:\/\/hotelesfray.com\/wp-content\/uploads\/2024\/03\/IslasHero-jpg.webp","width":1200,"height":630},{"@type":"BreadcrumbList","@id":"https:\/\/hotelesfray.com\/guia-turistica\/islasmarias\/#breadcrumb","itemListElement":[{"@type":"ListItem","position":1,"name":"Qu\u00e9 hacer en Tepic","item":"https:\/\/hotelesfray.com\/guia-turistica\/"},{"@type":"ListItem","position":2,"name":"Paquete Islas Mar\u00edas"}]},{"@type":"WebSite","@id":"https:\/\/hotelesfray.com\/#website","url":"https:\/\/hotelesfray.com\/","name":"Hoteles Fray","description":"Los Mejores Hoteles en el Centro de Tepic, Nayarit","publisher":{"@id":"https:\/\/hotelesfray.com\/#organization"},"potentialAction":[{"@type":"SearchAction","target":{"@type":"EntryPoint","urlTemplate":"https:\/\/hotelesfray.com\/?s={search_term_string}"},"query-input":{"@type":"PropertyValueSpecification","valueRequired":true,"valueName":"search_term_string"}}],"inLanguage":"en-US"},{"@type":"Organization","@id":"https:\/\/hotelesfray.com\/#organization","name":"Hoteles Fray","url":"https:\/\/hotelesfray.com\/","logo":{"@type":"ImageObject","inLanguage":"en-US","@id":"https:\/\/hotelesfray.com\/#\/schema\/logo\/image\/","url":"https:\/\/hotelesfray.com\/wp-content\/uploads\/2023\/01\/HotelesFray-cuadro.png","contentUrl":"https:\/\/hotelesfray.com\/wp-content\/uploads\/2023\/01\/HotelesFray-cuadro.png","width":2200,"height":2200,"caption":"Hoteles Fray"},"image":{"@id":"https:\/\/hotelesfray.com\/#\/schema\/logo\/image\/"}}]}},"_links":{"self":[{"href":"https:\/\/hotelesfray.com\/en\/wp-json\/wp\/v2\/pages\/4977","targetHints":{"allow":["GET"]}}],"collection":[{"href":"https:\/\/hotelesfray.com\/en\/wp-json\/wp\/v2\/pages"}],"about":[{"href":"https:\/\/hotelesfray.com\/en\/wp-json\/wp\/v2\/types\/page"}],"author":[{"embeddable":true,"href":"https:\/\/hotelesfray.com\/en\/wp-json\/wp\/v2\/users\/2"}],"replies":[{"embeddable":true,"href":"https:\/\/hotelesfray.com\/en\/wp-json\/wp\/v2\/comments?post=4977"}],"version-history":[{"count":12,"href":"https:\/\/hotelesfray.com\/en\/wp-json\/wp\/v2\/pages\/4977\/revisions"}],"predecessor-version":[{"id":7504,"href":"https:\/\/hotelesfray.com\/en\/wp-json\/wp\/v2\/pages\/4977\/revisions\/7504"}],"up":[{"embeddable":true,"href":"https:\/\/hotelesfray.com\/en\/wp-json\/wp\/v2\/pages\/339"}],"wp:featuredmedia":[{"embeddable":true,"href":"https:\/\/hotelesfray.com\/en\/wp-json\/wp\/v2\/media\/5023"}],"wp:attachment":[{"href":"https:\/\/hotelesfray.com\/en\/wp-json\/wp\/v2\/media?parent=4977"}],"curies":[{"name":"wp","href":"https:\/\/api.w.org\/{rel}","templated":true}]}}